{"id":79,"date":"2016-06-09T14:28:51","date_gmt":"2016-06-09T12:28:51","guid":{"rendered":"http:\/\/www.sternberg-messnerei.at\/gasthaus\/?page_id=79"},"modified":"2021-03-02T10:55:39","modified_gmt":"2021-03-02T09:55:39","slug":"kraftort","status":"publish","type":"page","link":"https:\/\/www.sternberg-messnerei.at\/gasthaus\/kraftort\/","title":{"rendered":"Der Sternberg"},"content":{"rendered":"<p><div class=\"fusion-fullwidth fullwidth-box fusion-builder-row-1 hundred-percent-fullwidth non-hundred-percent-height-scrolling\" style=\"--awb-border-radius-top-left:0px;--awb-border-radius-top-right:0px;--awb-border-radius-bottom-right:0px;--awb-border-radius-bottom-left:0px;--awb-overflow:visible;--awb-margin-top:10px;--awb-margin-bottom:30px;--awb-background-color:rgba(255,255,255,0);--awb-flex-wrap:wrap;\" ><div class=\"fusion-builder-row fusion-row\"><div class=\"fusion-layout-column fusion_builder_column fusion-builder-column-0 fusion_builder_column_1_1 1_1 fusion-one-full fusion-column-first fusion-column-last fusion-column-no-min-height\" style=\"--awb-bg-size:cover;--awb-margin-bottom:0px;\"><div class=\"fusion-column-wrapper fusion-flex-column-wrapper-legacy\"><div class=\"fusion-sep-clear\"><\/div><div class=\"fusion-separator fusion-full-width-sep\" style=\"margin-left: auto;margin-right: auto;margin-top:10px;margin-bottom:10px;width:100%;\"><div class=\"fusion-separator-border sep-single sep-dotted\" style=\"--awb-height:20px;--awb-amount:20px;--awb-sep-color:#665544;border-color:#665544;border-top-width:1px;\"><\/div><\/div><div class=\"fusion-sep-clear\"><\/div><div class=\"fusion-text fusion-text-1\"><h1 style=\"text-align: center;\">Kraftort mit Ausblick<\/h1>\n<\/div><div class=\"fusion-sep-clear\"><\/div><div class=\"fusion-separator fusion-full-width-sep\" style=\"margin-left: auto;margin-right: auto;width:100%;\"><div class=\"fusion-separator-border sep-single sep-dotted\" style=\"--awb-height:20px;--awb-amount:20px;--awb-sep-color:#665544;border-color:#665544;border-top-width:1px;\"><\/div><\/div><div class=\"fusion-sep-clear\"><\/div><div class=\"fusion-clearfix\"><\/div><\/div><\/div><\/div><\/div><div class=\"fusion-fullwidth fullwidth-box fusion-builder-row-2 hundred-percent-fullwidth non-hundred-percent-height-scrolling\" style=\"--awb-border-radius-top-left:0px;--awb-border-radius-top-right:0px;--awb-border-radius-bottom-right:0px;--awb-border-radius-bottom-left:0px;--awb-overflow:visible;--awb-flex-wrap:wrap;\" ><div class=\"fusion-builder-row fusion-row\"><div class=\"fusion-layout-column fusion_builder_column fusion-builder-column-1 fusion_builder_column_1_2 1_2 fusion-one-half fusion-column-first\" style=\"--awb-bg-size:cover;--awb-margin-top:20px;width:48%; margin-right: 4%;\"><div class=\"fusion-column-wrapper fusion-flex-column-wrapper-legacy\"><div class=\"fusion-text fusion-text-2\"><p>Der Sternberg war schon zur Zeit der R\u00f6merherrschaft in K\u00e4rnten eine Kultst\u00e4tte; ein heidnischer Tempel zu Ehren der keltischen G\u00f6ttin Junonae gilt als erste Befestigung am Sternberg. Sp\u00e4ter im Mittelalter, in der Zeit der Romanik, errichtete der Graf von Sternberg hier eine Burg und die Kirche St. Georg. 1285 wurde sie als Pfarrkirche genannt; 1311 ging die Kirche mit der Burg an den Landesf\u00fcrsten, 1329 an die Grafen von Ortenburg und 1418 an die Grafen von Cilli. 1457 wurde die Burg Sternberg im Kampf um das Erbe der Cillier zerst\u00f6rt und die Kirche besch\u00e4digt.<\/p>\n<\/div><div class=\"fusion-clearfix\"><\/div><\/div><\/div><div class=\"fusion-layout-column fusion_builder_column fusion-builder-column-2 fusion_builder_column_1_2 1_2 fusion-one-half fusion-column-last\" style=\"--awb-bg-size:cover;--awb-margin-top:20px;width:48%;\"><div class=\"fusion-column-wrapper fusion-flex-column-wrapper-legacy\"><div class=\"fusion-text fusion-text-3\"><p>Die jetzige Pfarrkirche ist im gotischen Stil des 15. Jahrhunderts erbaut, aber Teile aus der romanischen Zeit haben sich noch erhalten. So finden sich in der Kirchenmauer noch heute Spolien r\u00f6merzeitlicher Grabbauten eingearbeitet und an der Front des Stiegenaufganges zur Sakristei eine Bauinschrift f\u00fcr ein Heiligtum der r\u00f6mischen G\u00f6ttin Juno. Die ornamentalen Deckenmalereien in quadratischen Feldern in der Vorhalle entstanden wohl um 1586. Bei der Innenrestaurierung 1994 legte man am n\u00f6rdlichen Teil der Westwand ein sp\u00e4tgotisches Fresko mit dem Heiligen Georg frei.<\/p>\n<\/div><div class=\"fusion-clearfix\"><\/div><\/div><\/div><div class=\"fusion-layout-column fusion_builder_column fusion-builder-column-3 fusion_builder_column_1_1 1_1 fusion-one-full fusion-column-first fusion-column-last fusion-column-no-min-height\" style=\"--awb-bg-size:cover;--awb-margin-bottom:0px;\"><div class=\"fusion-column-wrapper fusion-flex-column-wrapper-legacy\"><script>console.log(\": Slider with alias sternberg not found.\")<\/script>\n<\/div><div class=\"fusion-clearfix\"><\/div><\/div><\/div><div class=\"fusion-layout-column fusion_builder_column fusion-builder-column-4 fusion_builder_column_1_2 1_2 fusion-one-half fusion-column-first\" style=\"--awb-bg-size:cover;--awb-margin-top:40px;width:48%; margin-right: 4%;\"><div class=\"fusion-column-wrapper fusion-flex-column-wrapper-legacy\"><div class=\"fusion-text fusion-text-4\"><p>Als Andreas Sereinig im Jahr 1799 Pfarrer von Sternberg wurde, er\u00f6ffnete er bald auch eine Schule am Sternberg. Diese Schule bestand dann bis zum Jahr 1938; heute wird das Geb\u00e4ude als Pfarrhof genutzt. Vis \u00e1 vis davon befindet sich unser Gasthaus Messnerei, wo schon seit Jahrzehnten Kirchg\u00e4nger, Wanderer und Spazierg\u00e4nger einkehren. Wem der Fu\u00dfweg zu beschwerlich erscheint, kann auch \u00fcber die schmale Stra\u00dfe bis zum Gasthaus vorfahren (ausreichend Parkpl\u00e4tze vorhanden).<\/p>\n<\/div><div class=\"fusion-clearfix\"><\/div><\/div><\/div><div class=\"fusion-layout-column fusion_builder_column fusion-builder-column-5 fusion_builder_column_1_2 1_2 fusion-one-half fusion-column-last\" style=\"--awb-bg-size:cover;--awb-margin-top:40px;width:48%;\"><div class=\"fusion-column-wrapper fusion-flex-column-wrapper-legacy\"><div class=\"fusion-text fusion-text-5\"><p>Mit seinen 733 Metern und der steil abfallenden Felswand gew\u00e4hrt der Sternberg einen atemberaubend sch\u00f6nen Ausblick auf die Wiesen und Felder von Velden bis Villach sowie auf die Gebirgskette der Karawanken und Julischen Alpen. Nicht zuletzt auch ein Grund, warum immer wieder Wanderer den Weg auf den Sternberg finden: Sehr beliebt ist zum Beispiel der Rundwanderweg vom Schloss Damtschach auf den Sternberg (\u2192\u00a0 <a href=\"https:\/\/www.bergfex.at\/sommer\/kaernten\/touren\/wanderung\/39981,rundweg-zur-kirche-sternberg-und-zum-schwarzen-schloss\/\" target=\"_blank\" rel=\"noopener noreferrer\">Wegbeschreibung<\/a>).<\/p>\n<\/div><div class=\"fusion-clearfix\"><\/div><\/div><\/div><div class=\"fusion-layout-column fusion_builder_column fusion-builder-column-6 fusion_builder_column_1_1 1_1 fusion-one-full fusion-column-first fusion-column-last fusion-column-no-min-height\" style=\"--awb-bg-size:cover;--awb-margin-bottom:0px;\"><div class=\"fusion-column-wrapper fusion-flex-column-wrapper-legacy\"><div class=\"fusion-reading-box-container reading-box-container-1\" style=\"--awb-title-color:#333333;--awb-margin-top:0px;--awb-margin-bottom:20px;\"><div class=\"reading-box reading-box-center\" style=\"background-color:#f6f6f6;border-width:1px;border-color:#efefef;border-style:solid;\"><h2>Hochzeiten und Taufen in der Kirche St. Georg<\/h2><div class=\"reading-box-additional fusion-reading-box-additional\">Die r\u00f6misch-katholische Pfarrkirche Sternberg\/Strmec ist dem heiligen Georg geweiht und geh\u00f6rt innerhalb des Dekanats Rosegg\/Ro\u017eek zur Di\u00f6zese Gurk. Die kleine, im gotischen Baustil errichtete Kirche ist aufgrund der au\u00dfergew\u00f6hnlichen Lage sehr beliebt f\u00fcr christliche Familienfeiern. Wenn auch Sie eine Hochzeit oder Taufe in der Kirche St. Georg feiern wollen, kontaktieren Sie bitte das Pfarrsekretariat (Frau Sagi-Ledinscak, Tel. +43 676 8772 75 17 oder E-Mail <a href=\"mailto:sternberg@kath-pfarre-kaernten.at\">sternberg@kath-pfarre-kaernten.at<\/a>).<\/div><div class=\"fusion-clearfix\"><\/div><\/div><svg style=\"opacity:0.70;\" xmlns=\"http:\/\/www.w3.org\/2000\/svg\" version=\"1.1\" width=\"100%\" viewBox=\"0 0 600 28\" preserveAspectRatio=\"none\"><g clip-path=\"url(#a)\"><mask id=\"b\" style=\"mask-type:luminance\" maskUnits=\"userSpaceOnUse\" x=\"0\" y=\"0\" width=\"600\" height=\"28\"><path d=\"M0 0h600v28H0V0Z\" fill=\"#fff\"\/><\/mask><g filter=\"url(#c)\" mask=\"url(#b)\"><path d=\"M16.439-18.667h567.123v30.8S438.961-8.4 300-8.4C161.04-8.4 16.438 12.133 16.438 12.133v-30.8Z\" fill=\"#000\"\/><\/g><\/g><defs><clipPath id=\"a\"><path fill=\"#fff\" d=\"M0 0h600v28H0z\"\/><\/clipPath><filter id=\"c\" x=\"5.438\" y=\"-29.667\" width=\"589.123\" height=\"52.8\" filterUnits=\"userSpaceOnUse\" color-interpolation-filters=\"sRGB\"><feFlood flood-opacity=\"0\" result=\"BackgroundImageFix\"\/><feBlend in=\"SourceGraphic\" in2=\"BackgroundImageFix\" result=\"shape\"\/><feGaussianBlur stdDeviation=\"5.5\" result=\"effect1_foregroundBlur_3983_183\"\/><\/filter><\/defs><\/svg><\/div><div class=\"fusion-clearfix\"><\/div><\/div><\/div>\n<\/div><\/div><\/p>\n","protected":false},"excerpt":{"rendered":"","protected":false},"author":1,"featured_media":0,"parent":0,"menu_order":0,"comment_status":"closed","ping_status":"closed","template":"","meta":{"footnotes":""},"class_list":["post-79","page","type-page","status-publish","hentry"],"yoast_head":"<!-- This site is optimized with the Yoast SEO plugin v27.0 - https:\/\/yoast.com\/product\/yoast-seo-wordpress\/ -->\n<title>Gasthaus Messnerei Sternberg &#8211; Ein Kraftort mit Ausblick<\/title>\n<meta name=\"description\" content=\"Mit seinen 733 Metern und der steil abfallenden Felswand gew\u00e4hrt der Sternberg einen atemberaubend sch\u00f6nen Ausblick auf die Wiesen und Felder von Velden bis Villach sowie auf die Gebirgskette der Karawanken und Julischen Alpen.\" \/>\n<meta name=\"robots\" content=\"index, follow, max-snippet:-1, max-image-preview:large, max-video-preview:-1\" \/>\n<link rel=\"canonical\" href=\"https:\/\/www.sternberg-messnerei.at\/gasthaus\/kraftort\/\" \/>\n<meta property=\"og:locale\" content=\"de_DE\" \/>\n<meta property=\"og:type\" content=\"article\" \/>\n<meta property=\"og:title\" content=\"Kraftort Sternberg\" \/>\n<meta property=\"og:description\" content=\"Mit seinen 733 Metern und der steil abfallenden Felswand gew\u00e4hrt der Sternberg einen atemberaubend sch\u00f6nen Ausblick auf die Wiesen und Felder von Velden bis Villach sowie auf die Gebirgskette der Karawanken und Julischen Alpen.\" \/>\n<meta property=\"og:url\" content=\"https:\/\/www.sternberg-messnerei.at\/gasthaus\/kraftort\/\" \/>\n<meta property=\"og:site_name\" content=\"Gasthaus Messnerei Sternberg\" \/>\n<meta property=\"article:publisher\" content=\"https:\/\/www.facebook.com\/sternberg.gasthaus.messnerei\" \/>\n<meta property=\"article:modified_time\" content=\"2021-03-02T09:55:39+00:00\" \/>\n<meta property=\"og:image\" content=\"https:\/\/www.sternberg-messnerei.at\/gasthaus\/wp-content\/uploads\/2020\/07\/sternberg_\u00a9velden-tourismus.jpg\" \/>\n\t<meta property=\"og:image:width\" content=\"2048\" \/>\n\t<meta property=\"og:image:height\" content=\"1366\" \/>\n\t<meta property=\"og:image:type\" content=\"image\/jpeg\" \/>\n<meta name=\"twitter:card\" content=\"summary_large_image\" \/>\n<script type=\"application\/ld+json\" class=\"yoast-schema-graph\">{\"@context\":\"https:\/\/schema.org\",\"@graph\":[{\"@type\":\"WebPage\",\"@id\":\"https:\/\/www.sternberg-messnerei.at\/gasthaus\/kraftort\/\",\"url\":\"https:\/\/www.sternberg-messnerei.at\/gasthaus\/kraftort\/\",\"name\":\"Gasthaus Messnerei Sternberg &#8211; Ein Kraftort mit Ausblick\",\"isPartOf\":{\"@id\":\"https:\/\/www.sternberg-messnerei.at\/gasthaus\/#website\"},\"datePublished\":\"2016-06-09T12:28:51+00:00\",\"dateModified\":\"2021-03-02T09:55:39+00:00\",\"description\":\"Mit seinen 733 Metern und der steil abfallenden Felswand gew\u00e4hrt der Sternberg einen atemberaubend sch\u00f6nen Ausblick auf die Wiesen und Felder von Velden bis Villach sowie auf die Gebirgskette der Karawanken und Julischen Alpen.\",\"breadcrumb\":{\"@id\":\"https:\/\/www.sternberg-messnerei.at\/gasthaus\/kraftort\/#breadcrumb\"},\"inLanguage\":\"de\",\"potentialAction\":[{\"@type\":\"ReadAction\",\"target\":[\"https:\/\/www.sternberg-messnerei.at\/gasthaus\/kraftort\/\"]}]},{\"@type\":\"BreadcrumbList\",\"@id\":\"https:\/\/www.sternberg-messnerei.at\/gasthaus\/kraftort\/#breadcrumb\",\"itemListElement\":[{\"@type\":\"ListItem\",\"position\":1,\"name\":\"Startseite\",\"item\":\"https:\/\/www.sternberg-messnerei.at\/gasthaus\/\"},{\"@type\":\"ListItem\",\"position\":2,\"name\":\"Der Sternberg\"}]},{\"@type\":\"WebSite\",\"@id\":\"https:\/\/www.sternberg-messnerei.at\/gasthaus\/#website\",\"url\":\"https:\/\/www.sternberg-messnerei.at\/gasthaus\/\",\"name\":\"Gasthaus Messnerei Sternberg\",\"description\":\"Kulinarisches Kleinod in K\u00e4rnten\",\"publisher\":{\"@id\":\"https:\/\/www.sternberg-messnerei.at\/gasthaus\/#organization\"},\"potentialAction\":[{\"@type\":\"SearchAction\",\"target\":{\"@type\":\"EntryPoint\",\"urlTemplate\":\"https:\/\/www.sternberg-messnerei.at\/gasthaus\/?s={search_term_string}\"},\"query-input\":{\"@type\":\"PropertyValueSpecification\",\"valueRequired\":true,\"valueName\":\"search_term_string\"}}],\"inLanguage\":\"de\"},{\"@type\":\"Organization\",\"@id\":\"https:\/\/www.sternberg-messnerei.at\/gasthaus\/#organization\",\"name\":\"Gasthaus Messnerei Sternberg\",\"url\":\"https:\/\/www.sternberg-messnerei.at\/gasthaus\/\",\"logo\":{\"@type\":\"ImageObject\",\"inLanguage\":\"de\",\"@id\":\"https:\/\/www.sternberg-messnerei.at\/gasthaus\/#\/schema\/logo\/image\/\",\"url\":\"https:\/\/www.sternberg-messnerei.at\/gasthaus\/wp-content\/uploads\/2019\/07\/logo-sternberg-web_retina.png\",\"contentUrl\":\"https:\/\/www.sternberg-messnerei.at\/gasthaus\/wp-content\/uploads\/2019\/07\/logo-sternberg-web_retina.png\",\"width\":220,\"height\":220,\"caption\":\"Gasthaus Messnerei Sternberg\"},\"image\":{\"@id\":\"https:\/\/www.sternberg-messnerei.at\/gasthaus\/#\/schema\/logo\/image\/\"},\"sameAs\":[\"https:\/\/www.facebook.com\/sternberg.gasthaus.messnerei\"]}]}<\/script>\n<!-- \/ Yoast SEO plugin. -->","yoast_head_json":{"title":"Gasthaus Messnerei Sternberg &#8211; Ein Kraftort mit Ausblick","description":"Mit seinen 733 Metern und der steil abfallenden Felswand gew\u00e4hrt der Sternberg einen atemberaubend sch\u00f6nen Ausblick auf die Wiesen und Felder von Velden bis Villach sowie auf die Gebirgskette der Karawanken und Julischen Alpen.","robots":{"index":"index","follow":"follow","max-snippet":"max-snippet:-1","max-image-preview":"max-image-preview:large","max-video-preview":"max-video-preview:-1"},"canonical":"https:\/\/www.sternberg-messnerei.at\/gasthaus\/kraftort\/","og_locale":"de_DE","og_type":"article","og_title":"Kraftort Sternberg","og_description":"Mit seinen 733 Metern und der steil abfallenden Felswand gew\u00e4hrt der Sternberg einen atemberaubend sch\u00f6nen Ausblick auf die Wiesen und Felder von Velden bis Villach sowie auf die Gebirgskette der Karawanken und Julischen Alpen.","og_url":"https:\/\/www.sternberg-messnerei.at\/gasthaus\/kraftort\/","og_site_name":"Gasthaus Messnerei Sternberg","article_publisher":"https:\/\/www.facebook.com\/sternberg.gasthaus.messnerei","article_modified_time":"2021-03-02T09:55:39+00:00","og_image":[{"width":2048,"height":1366,"url":"https:\/\/www.sternberg-messnerei.at\/gasthaus\/wp-content\/uploads\/2020\/07\/sternberg_\u00a9velden-tourismus.jpg","type":"image\/jpeg"}],"twitter_card":"summary_large_image","schema":{"@context":"https:\/\/schema.org","@graph":[{"@type":"WebPage","@id":"https:\/\/www.sternberg-messnerei.at\/gasthaus\/kraftort\/","url":"https:\/\/www.sternberg-messnerei.at\/gasthaus\/kraftort\/","name":"Gasthaus Messnerei Sternberg &#8211; Ein Kraftort mit Ausblick","isPartOf":{"@id":"https:\/\/www.sternberg-messnerei.at\/gasthaus\/#website"},"datePublished":"2016-06-09T12:28:51+00:00","dateModified":"2021-03-02T09:55:39+00:00","description":"Mit seinen 733 Metern und der steil abfallenden Felswand gew\u00e4hrt der Sternberg einen atemberaubend sch\u00f6nen Ausblick auf die Wiesen und Felder von Velden bis Villach sowie auf die Gebirgskette der Karawanken und Julischen Alpen.","breadcrumb":{"@id":"https:\/\/www.sternberg-messnerei.at\/gasthaus\/kraftort\/#breadcrumb"},"inLanguage":"de","potentialAction":[{"@type":"ReadAction","target":["https:\/\/www.sternberg-messnerei.at\/gasthaus\/kraftort\/"]}]},{"@type":"BreadcrumbList","@id":"https:\/\/www.sternberg-messnerei.at\/gasthaus\/kraftort\/#breadcrumb","itemListElement":[{"@type":"ListItem","position":1,"name":"Startseite","item":"https:\/\/www.sternberg-messnerei.at\/gasthaus\/"},{"@type":"ListItem","position":2,"name":"Der Sternberg"}]},{"@type":"WebSite","@id":"https:\/\/www.sternberg-messnerei.at\/gasthaus\/#website","url":"https:\/\/www.sternberg-messnerei.at\/gasthaus\/","name":"Gasthaus Messnerei Sternberg","description":"Kulinarisches Kleinod in K\u00e4rnten","publisher":{"@id":"https:\/\/www.sternberg-messnerei.at\/gasthaus\/#organization"},"potentialAction":[{"@type":"SearchAction","target":{"@type":"EntryPoint","urlTemplate":"https:\/\/www.sternberg-messnerei.at\/gasthaus\/?s={search_term_string}"},"query-input":{"@type":"PropertyValueSpecification","valueRequired":true,"valueName":"search_term_string"}}],"inLanguage":"de"},{"@type":"Organization","@id":"https:\/\/www.sternberg-messnerei.at\/gasthaus\/#organization","name":"Gasthaus Messnerei Sternberg","url":"https:\/\/www.sternberg-messnerei.at\/gasthaus\/","logo":{"@type":"ImageObject","inLanguage":"de","@id":"https:\/\/www.sternberg-messnerei.at\/gasthaus\/#\/schema\/logo\/image\/","url":"https:\/\/www.sternberg-messnerei.at\/gasthaus\/wp-content\/uploads\/2019\/07\/logo-sternberg-web_retina.png","contentUrl":"https:\/\/www.sternberg-messnerei.at\/gasthaus\/wp-content\/uploads\/2019\/07\/logo-sternberg-web_retina.png","width":220,"height":220,"caption":"Gasthaus Messnerei Sternberg"},"image":{"@id":"https:\/\/www.sternberg-messnerei.at\/gasthaus\/#\/schema\/logo\/image\/"},"sameAs":["https:\/\/www.facebook.com\/sternberg.gasthaus.messnerei"]}]}},"_links":{"self":[{"href":"https:\/\/www.sternberg-messnerei.at\/gasthaus\/wp-json\/wp\/v2\/pages\/79","targetHints":{"allow":["GET"]}}],"collection":[{"href":"https:\/\/www.sternberg-messnerei.at\/gasthaus\/wp-json\/wp\/v2\/pages"}],"about":[{"href":"https:\/\/www.sternberg-messnerei.at\/gasthaus\/wp-json\/wp\/v2\/types\/page"}],"author":[{"embeddable":true,"href":"https:\/\/www.sternberg-messnerei.at\/gasthaus\/wp-json\/wp\/v2\/users\/1"}],"replies":[{"embeddable":true,"href":"https:\/\/www.sternberg-messnerei.at\/gasthaus\/wp-json\/wp\/v2\/comments?post=79"}],"version-history":[{"count":30,"href":"https:\/\/www.sternberg-messnerei.at\/gasthaus\/wp-json\/wp\/v2\/pages\/79\/revisions"}],"predecessor-version":[{"id":1860,"href":"https:\/\/www.sternberg-messnerei.at\/gasthaus\/wp-json\/wp\/v2\/pages\/79\/revisions\/1860"}],"wp:attachment":[{"href":"https:\/\/www.sternberg-messnerei.at\/gasthaus\/wp-json\/wp\/v2\/media?parent=79"}],"curies":[{"name":"wp","href":"https:\/\/api.w.org\/{rel}","templated":true}]}}