{"id":2664,"date":"2023-02-07T10:15:04","date_gmt":"2023-02-07T09:15:04","guid":{"rendered":"https:\/\/www.sternberg-messnerei.at\/gasthaus\/?page_id=2664"},"modified":"2025-01-24T14:24:31","modified_gmt":"2025-01-24T13:24:31","slug":"service","status":"publish","type":"page","link":"https:\/\/www.sternberg-messnerei.at\/gasthaus\/jobs\/service\/","title":{"rendered":"Servicemitarbeiter:in ganzj\u00e4hrig"},"content":{"rendered":"<p><div class=\"fusion-fullwidth fullwidth-box fusion-builder-row-1 fusion-flex-container has-pattern-background has-mask-background hundred-percent-fullwidth non-hundred-percent-height-scrolling\" style=\"--awb-background-position:left top;--awb-border-radius-top-left:0px;--awb-border-radius-top-right:0px;--awb-border-radius-bottom-right:0px;--awb-border-radius-bottom-left:0px;--awb-overflow:visible;--awb-padding-top:40px;--awb-padding-bottom:40px;--awb-margin-bottom:30px;--awb-background-color:var(--awb-color5);--awb-background-size:contain;--awb-flex-wrap:wrap;\" ><div class=\"fusion-builder-row fusion-row fusion-flex-align-items-flex-start fusion-flex-justify-content-center fusion-flex-content-wrap\" style=\"width:104% !important;max-width:104% !important;margin-left: calc(-4% \/ 2 );margin-right: calc(-4% \/ 2 );\"><div class=\"fusion-layout-column fusion_builder_column fusion-builder-column-0 fusion_builder_column_2_5 2_5 fusion-flex-column fusion-flex-align-self-flex-start fusion-column-no-min-height\" style=\"--awb-bg-size:cover;--awb-width-large:40%;--awb-margin-top-large:0px;--awb-spacing-right-large:1.92%;--awb-margin-bottom-large:0px;--awb-spacing-left-large:4.8%;--awb-width-medium:100%;--awb-order-medium:0;--awb-spacing-right-medium:1.92%;--awb-spacing-left-medium:1.92%;--awb-width-small:100%;--awb-order-small:0;--awb-spacing-right-small:1.92%;--awb-spacing-left-small:1.92%;\"><div class=\"fusion-column-wrapper fusion-column-has-shadow fusion-flex-justify-content-flex-start fusion-content-layout-column\"><div class=\"fusion-image-element \" style=\"text-align:right;--awb-max-width:360px;--awb-caption-title-font-family:var(--h2_typography-font-family);--awb-caption-title-font-weight:var(--h2_typography-font-weight);--awb-caption-title-font-style:var(--h2_typography-font-style);--awb-caption-title-size:var(--h2_typography-font-size);--awb-caption-title-transform:var(--h2_typography-text-transform);--awb-caption-title-line-height:var(--h2_typography-line-height);--awb-caption-title-letter-spacing:var(--h2_typography-letter-spacing);\"><span class=\" fusion-imageframe imageframe-none imageframe-1 hover-type-none\"><img decoding=\"async\" width=\"754\" height=\"455\" title=\"Komm in unser Team!\" src=\"https:\/\/www.sternberg-messnerei.at\/gasthaus\/wp-content\/uploads\/2023\/10\/Job-Teaser_qf.png\" data-orig-src=\"https:\/\/www.sternberg-messnerei.at\/gasthaus\/wp-content\/uploads\/2023\/10\/Job-Teaser_qf.png\" alt class=\"lazyload img-responsive wp-image-3219\" srcset=\"data:image\/svg+xml,%3Csvg%20xmlns%3D%27http%3A%2F%2Fwww.w3.org%2F2000%2Fsvg%27%20width%3D%27754%27%20height%3D%27455%27%20viewBox%3D%270%200%20754%20455%27%3E%3Crect%20width%3D%27754%27%20height%3D%27455%27%20fill-opacity%3D%220%22%2F%3E%3C%2Fsvg%3E\" data-srcset=\"https:\/\/www.sternberg-messnerei.at\/gasthaus\/wp-content\/uploads\/2023\/10\/Job-Teaser_qf-200x121.png 200w, https:\/\/www.sternberg-messnerei.at\/gasthaus\/wp-content\/uploads\/2023\/10\/Job-Teaser_qf-400x241.png 400w, https:\/\/www.sternberg-messnerei.at\/gasthaus\/wp-content\/uploads\/2023\/10\/Job-Teaser_qf-600x362.png 600w, https:\/\/www.sternberg-messnerei.at\/gasthaus\/wp-content\/uploads\/2023\/10\/Job-Teaser_qf.png 754w\" data-sizes=\"auto\" data-orig-sizes=\"(max-width: 780px) 100vw, (max-width: 640px) 100vw, 400px\" \/><\/span><\/div><\/div><\/div><div class=\"fusion-layout-column fusion_builder_column fusion-builder-column-1 fusion_builder_column_3_5 3_5 fusion-flex-column fusion-flex-align-self-flex-start fusion-column-no-min-height\" style=\"--awb-bg-size:cover;--awb-width-large:60%;--awb-margin-top-large:0px;--awb-spacing-right-large:16%;--awb-margin-bottom-large:0px;--awb-spacing-left-large:5.12%;--awb-width-medium:100%;--awb-order-medium:0;--awb-spacing-right-medium:1.92%;--awb-spacing-left-medium:1.92%;--awb-width-small:100%;--awb-order-small:0;--awb-spacing-right-small:1.92%;--awb-spacing-left-small:1.92%;\" data-scroll-devices=\"small-visibility,medium-visibility,large-visibility\"><div class=\"fusion-column-wrapper fusion-column-has-shadow fusion-flex-justify-content-flex-start fusion-content-layout-column\"><div class=\"fusion-text fusion-text-1\"><h4>Das &#8222;<strong>Gault Millau Wirtshaus des Jahres 2023<\/strong>&#8220;<br \/>\nsucht ab Fr\u00fchjahr 2025 eine\/n<\/h4>\n<\/div><div class=\"fusion-text fusion-text-2\"><h1 style=\"text-align: left;\">Servicemitarbeiter:in<\/h1>\n<\/div><\/div><\/div><\/div><\/div><div class=\"fusion-fullwidth fullwidth-box fusion-builder-row-2 fusion-flex-container has-pattern-background has-mask-background nonhundred-percent-fullwidth non-hundred-percent-height-scrolling\" style=\"--awb-border-radius-top-left:0px;--awb-border-radius-top-right:0px;--awb-border-radius-bottom-right:0px;--awb-border-radius-bottom-left:0px;--awb-flex-wrap:wrap;\" ><div class=\"fusion-builder-row fusion-row fusion-flex-align-items-flex-start fusion-flex-content-wrap\" style=\"max-width:1064.96px;margin-left: calc(-4% \/ 2 );margin-right: calc(-4% \/ 2 );\"><div class=\"fusion-layout-column fusion_builder_column fusion-builder-column-2 fusion_builder_column_1_5 1_5 fusion-flex-column\" style=\"--awb-bg-size:cover;--awb-width-large:20%;--awb-margin-top-large:0px;--awb-spacing-right-large:9.6%;--awb-margin-bottom-large:20px;--awb-spacing-left-large:9.6%;--awb-width-medium:100%;--awb-order-medium:0;--awb-spacing-right-medium:1.92%;--awb-spacing-left-medium:1.92%;--awb-width-small:100%;--awb-order-small:0;--awb-spacing-right-small:1.92%;--awb-spacing-left-small:1.92%;\"><div class=\"fusion-column-wrapper fusion-column-has-shadow fusion-flex-justify-content-flex-start fusion-content-layout-column\"><\/div><\/div><div class=\"fusion-layout-column fusion_builder_column fusion-builder-column-3 fusion_builder_column_4_5 4_5 fusion-flex-column\" style=\"--awb-bg-size:cover;--awb-width-large:80%;--awb-margin-top-large:0px;--awb-spacing-right-large:2.4%;--awb-margin-bottom-large:20px;--awb-spacing-left-large:2.4%;--awb-width-medium:100%;--awb-order-medium:0;--awb-spacing-right-medium:1.92%;--awb-spacing-left-medium:1.92%;--awb-width-small:100%;--awb-order-small:0;--awb-spacing-right-small:1.92%;--awb-spacing-left-small:1.92%;\"><div class=\"fusion-column-wrapper fusion-column-has-shadow fusion-flex-justify-content-flex-start fusion-content-layout-column\"><div class=\"fusion-text fusion-text-3\"><ul>\n<li>F\u00fcr Dich steht der Gast im Mittelpunkt?<\/li>\n<li>Du bist erst zufrieden, wenn der Gast gl\u00fccklich ist?<\/li>\n<li>Du liebst unseren Beruf?<\/li>\n<li>Du hast eine Leidenschaft f\u00fcr das Thema Wein?<\/li>\n<li>F\u00fcr Dich ist der Zusatzverkauf selbstverst\u00e4ndlich?<\/li>\n<li>Du arbeitest gerne kundenorientiert, selbst\u00e4ndig und behaltest in stressigen Situationen den \u00dcberblick?<\/li>\n<li>Du bist interessiert, in unser Erfolgskonzept einzusteigen?<\/li>\n<\/ul>\n<\/div><\/div><\/div><div class=\"fusion-layout-column fusion_builder_column fusion-builder-column-4 fusion_builder_column_1_5 1_5 fusion-flex-column\" style=\"--awb-bg-size:cover;--awb-width-large:20%;--awb-margin-top-large:0px;--awb-spacing-right-large:9.6%;--awb-margin-bottom-large:20px;--awb-spacing-left-large:9.6%;--awb-width-medium:100%;--awb-order-medium:0;--awb-spacing-right-medium:1.92%;--awb-spacing-left-medium:1.92%;--awb-width-small:100%;--awb-order-small:0;--awb-spacing-right-small:1.92%;--awb-spacing-left-small:1.92%;\"><div class=\"fusion-column-wrapper fusion-column-has-shadow fusion-flex-justify-content-flex-start fusion-content-layout-column\"><\/div><\/div><div class=\"fusion-layout-column fusion_builder_column fusion-builder-column-5 fusion_builder_column_4_5 4_5 fusion-flex-column\" style=\"--awb-bg-size:cover;--awb-width-large:80%;--awb-margin-top-large:0px;--awb-spacing-right-large:2.4%;--awb-margin-bottom-large:20px;--awb-spacing-left-large:2.4%;--awb-width-medium:100%;--awb-order-medium:0;--awb-spacing-right-medium:1.92%;--awb-spacing-left-medium:1.92%;--awb-width-small:100%;--awb-order-small:0;--awb-spacing-right-small:1.92%;--awb-spacing-left-small:1.92%;\"><div class=\"fusion-column-wrapper fusion-column-has-shadow fusion-flex-justify-content-flex-start fusion-content-layout-column\"><div class=\"fusion-text fusion-text-4\"><p><strong>Wir bieten Dir:<br \/>\n<\/strong><\/p>\n<ul>\n<li>Einstiegsgehalt ab EUR 1.800,&#8211; netto<\/li>\n<li>Basis 4 Tage pro Woche, 42,5 Stunden inkl. aliq. \u00dcberzahlung (Juli \/ August 5 Tage pro Woche)<\/li>\n<li>ganzj\u00e4hrige Besch\u00e4ftigung<\/li>\n<li>Planbarkeit und Planungssicherheit: Arbeitstage Donnerstag bis Sonntag, Betriebsurlaub Mitte J\u00e4nner bis Mitte \/ Ende Februar<\/li>\n<li>Leistungspr\u00e4mien (abh\u00e4ngig vom Erreichen vordefinierter Zielums\u00e4tze, Kundenzufriedenheit und weiteren Zielen)<\/li>\n<li>Aufstiegschancen<\/li>\n<li>pers\u00f6nliche Weiterentwicklung<\/li>\n<li>selbst\u00e4ndiges Arbeiten in einem famili\u00e4ren Umfeld<\/li>\n<li>Weiterbildungsm\u00f6glichkeiten<\/li>\n<li>Parkplatz direkt vor der T\u00fcre<\/li>\n<\/ul>\n<\/div><\/div><\/div><\/div><\/div><div class=\"fusion-fullwidth fullwidth-box fusion-builder-row-3 has-pattern-background has-mask-background nonhundred-percent-fullwidth non-hundred-percent-height-scrolling\" style=\"--awb-border-radius-top-left:0px;--awb-border-radius-top-right:0px;--awb-border-radius-bottom-right:0px;--awb-border-radius-bottom-left:0px;--awb-margin-top:30px;--awb-flex-wrap:wrap;\" ><div class=\"fusion-builder-row fusion-row\"><div class=\"fusion-layout-column fusion_builder_column fusion-builder-column-6 fusion_builder_column_1_1 1_1 fusion-one-full fusion-column-first fusion-column-last\" style=\"--awb-bg-size:cover;\"><div class=\"fusion-column-wrapper fusion-flex-column-wrapper-legacy\"><div class=\"fusion-reading-box-container reading-box-container-1\" style=\"--awb-title-color:#333333;--awb-margin-top:0px;--awb-margin-bottom:30px;\"><div class=\"reading-box\" style=\"background-color:#ffffff;border-width:1px;border-color:#cecece;border-style:solid;\"><h2>Bewerbungen: <\/h2><div class=\"reading-box-additional fusion-reading-box-additional\">\n<h4>Bitte \u00fcbermittle uns Deine aussagekr\u00e4ftigen Bewerbungsunterlagen samt Terminvorschl\u00e4gen zum pers\u00f6nlichen Kennenlernen per E-Mail an: <a href=\"mailto:jobs@sternberg-messnerei.at\"><strong>jobs@sternberg-messnerei.at<\/strong><\/a>! Wir werden uns umgehend bei Dir melden.<\/h4>\n<p><em>ACHTUNG! Pers\u00f6nliche Vorstellungsgespr\u00e4che ausschlie\u00dflich nach Terminvereinbarung! Bitte bringe zum Vorstellungsgespr\u00e4ch unbedingt alle \u00fcblichen Unterlagen (wie z. B. Lebenslauf, Zeugnisse, etc.) mit!<\/em><\/p>\n<\/div><div class=\"fusion-clearfix\"><\/div><\/div><svg style=\"opacity:0.70;\" xmlns=\"http:\/\/www.w3.org\/2000\/svg\" version=\"1.1\" width=\"100%\" viewBox=\"0 0 600 28\" preserveAspectRatio=\"none\"><g clip-path=\"url(#a)\"><mask id=\"b\" style=\"mask-type:luminance\" maskUnits=\"userSpaceOnUse\" x=\"0\" y=\"0\" width=\"600\" height=\"28\"><path d=\"M0 0h600v28H0V0Z\" fill=\"#fff\"\/><\/mask><g filter=\"url(#c)\" mask=\"url(#b)\"><path d=\"M16.439-18.667h567.123v30.8S438.961-8.4 300-8.4C161.04-8.4 16.438 12.133 16.438 12.133v-30.8Z\" fill=\"#000\"\/><\/g><\/g><defs><clipPath id=\"a\"><path fill=\"#fff\" d=\"M0 0h600v28H0z\"\/><\/clipPath><filter id=\"c\" x=\"5.438\" y=\"-29.667\" width=\"589.123\" height=\"52.8\" filterUnits=\"userSpaceOnUse\" color-interpolation-filters=\"sRGB\"><feFlood flood-opacity=\"0\" result=\"BackgroundImageFix\"\/><feBlend in=\"SourceGraphic\" in2=\"BackgroundImageFix\" result=\"shape\"\/><feGaussianBlur stdDeviation=\"5.5\" result=\"effect1_foregroundBlur_3983_183\"\/><\/filter><\/defs><\/svg><\/div><div class=\"fusion-clearfix\"><\/div><\/div><\/div><\/div><\/div>\n<\/p>\n","protected":false},"excerpt":{"rendered":"","protected":false},"author":1,"featured_media":0,"parent":1100,"menu_order":0,"comment_status":"closed","ping_status":"closed","template":"100-width.php","meta":{"footnotes":""},"class_list":["post-2664","page","type-page","status-publish","hentry"],"yoast_head":"<!-- This site is optimized with the Yoast SEO plugin v27.0 - https:\/\/yoast.com\/product\/yoast-seo-wordpress\/ -->\n<title>Gasthaus Messnerei Sternberg &#8211; Stellenangebot: Servicemitarbeiter:in ganzj\u00e4hrig<\/title>\n<meta name=\"description\" content=\"Wir suchen eine\/n leidenschaftliche\/n Gastgeber\/in: F\u00fcr dich steht der Kunde im Mittelpunkt? Du bist erst zufrieden, wenn der Gast gl\u00fccklich ist? Du liebst unseren Beruf? Du hast eine Leidenschaft f\u00fcr das Thema Wein? Du arbeitest gerne kundenorientiert, selbstst\u00e4ndig und behaltest in stressigen Situationen den \u00dcberblick? Bist du bereit in unser Erfolgskonzept einzusteigen?\" \/>\n<meta name=\"robots\" content=\"index, follow, max-snippet:-1, max-image-preview:large, max-video-preview:-1\" \/>\n<link rel=\"canonical\" href=\"https:\/\/www.sternberg-messnerei.at\/gasthaus\/jobs\/service\/\" \/>\n<meta property=\"og:locale\" content=\"de_DE\" \/>\n<meta property=\"og:type\" content=\"article\" \/>\n<meta property=\"og:title\" content=\"Gasthaus Messnerei Sternberg &#8211; Stellenangebot: Servicemitarbeiter:in ganzj\u00e4hrig\" \/>\n<meta property=\"og:description\" content=\"Wir suchen eine\/n leidenschaftliche\/n Gastgeber\/in: F\u00fcr dich steht der Kunde im Mittelpunkt? Du bist erst zufrieden, wenn der Gast gl\u00fccklich ist? Du liebst unseren Beruf? Du hast eine Leidenschaft f\u00fcr das Thema Wein? Du arbeitest gerne kundenorientiert, selbstst\u00e4ndig und behaltest in stressigen Situationen den \u00dcberblick? Bist du bereit in unser Erfolgskonzept einzusteigen?\" \/>\n<meta property=\"og:url\" content=\"https:\/\/www.sternberg-messnerei.at\/gasthaus\/jobs\/service\/\" \/>\n<meta property=\"og:site_name\" content=\"Gasthaus Messnerei Sternberg\" \/>\n<meta property=\"article:publisher\" content=\"https:\/\/www.facebook.com\/sternberg.gasthaus.messnerei\" \/>\n<meta property=\"article:modified_time\" content=\"2025-01-24T13:24:31+00:00\" \/>\n<meta name=\"twitter:card\" content=\"summary_large_image\" \/>\n<script type=\"application\/ld+json\" class=\"yoast-schema-graph\">{\"@context\":\"https:\/\/schema.org\",\"@graph\":[{\"@type\":\"WebPage\",\"@id\":\"https:\/\/www.sternberg-messnerei.at\/gasthaus\/jobs\/service\/\",\"url\":\"https:\/\/www.sternberg-messnerei.at\/gasthaus\/jobs\/service\/\",\"name\":\"Gasthaus Messnerei Sternberg &#8211; Stellenangebot: Servicemitarbeiter:in ganzj\u00e4hrig\",\"isPartOf\":{\"@id\":\"https:\/\/www.sternberg-messnerei.at\/gasthaus\/#website\"},\"datePublished\":\"2023-02-07T09:15:04+00:00\",\"dateModified\":\"2025-01-24T13:24:31+00:00\",\"description\":\"Wir suchen eine\/n leidenschaftliche\/n Gastgeber\/in: F\u00fcr dich steht der Kunde im Mittelpunkt? Du bist erst zufrieden, wenn der Gast gl\u00fccklich ist? Du liebst unseren Beruf? Du hast eine Leidenschaft f\u00fcr das Thema Wein? Du arbeitest gerne kundenorientiert, selbstst\u00e4ndig und behaltest in stressigen Situationen den \u00dcberblick? Bist du bereit in unser Erfolgskonzept einzusteigen?\",\"breadcrumb\":{\"@id\":\"https:\/\/www.sternberg-messnerei.at\/gasthaus\/jobs\/service\/#breadcrumb\"},\"inLanguage\":\"de\",\"potentialAction\":[{\"@type\":\"ReadAction\",\"target\":[\"https:\/\/www.sternberg-messnerei.at\/gasthaus\/jobs\/service\/\"]}]},{\"@type\":\"BreadcrumbList\",\"@id\":\"https:\/\/www.sternberg-messnerei.at\/gasthaus\/jobs\/service\/#breadcrumb\",\"itemListElement\":[{\"@type\":\"ListItem\",\"position\":1,\"name\":\"Startseite\",\"item\":\"https:\/\/www.sternberg-messnerei.at\/gasthaus\/\"},{\"@type\":\"ListItem\",\"position\":2,\"name\":\"Jobs\",\"item\":\"https:\/\/www.sternberg-messnerei.at\/gasthaus\/jobs\/\"},{\"@type\":\"ListItem\",\"position\":3,\"name\":\"Servicemitarbeiter:in ganzj\u00e4hrig\"}]},{\"@type\":\"WebSite\",\"@id\":\"https:\/\/www.sternberg-messnerei.at\/gasthaus\/#website\",\"url\":\"https:\/\/www.sternberg-messnerei.at\/gasthaus\/\",\"name\":\"Gasthaus Messnerei Sternberg\",\"description\":\"Kulinarisches Kleinod in K\u00e4rnten\",\"publisher\":{\"@id\":\"https:\/\/www.sternberg-messnerei.at\/gasthaus\/#organization\"},\"potentialAction\":[{\"@type\":\"SearchAction\",\"target\":{\"@type\":\"EntryPoint\",\"urlTemplate\":\"https:\/\/www.sternberg-messnerei.at\/gasthaus\/?s={search_term_string}\"},\"query-input\":{\"@type\":\"PropertyValueSpecification\",\"valueRequired\":true,\"valueName\":\"search_term_string\"}}],\"inLanguage\":\"de\"},{\"@type\":\"Organization\",\"@id\":\"https:\/\/www.sternberg-messnerei.at\/gasthaus\/#organization\",\"name\":\"Gasthaus Messnerei Sternberg\",\"url\":\"https:\/\/www.sternberg-messnerei.at\/gasthaus\/\",\"logo\":{\"@type\":\"ImageObject\",\"inLanguage\":\"de\",\"@id\":\"https:\/\/www.sternberg-messnerei.at\/gasthaus\/#\/schema\/logo\/image\/\",\"url\":\"https:\/\/www.sternberg-messnerei.at\/gasthaus\/wp-content\/uploads\/2019\/07\/logo-sternberg-web_retina.png\",\"contentUrl\":\"https:\/\/www.sternberg-messnerei.at\/gasthaus\/wp-content\/uploads\/2019\/07\/logo-sternberg-web_retina.png\",\"width\":220,\"height\":220,\"caption\":\"Gasthaus Messnerei Sternberg\"},\"image\":{\"@id\":\"https:\/\/www.sternberg-messnerei.at\/gasthaus\/#\/schema\/logo\/image\/\"},\"sameAs\":[\"https:\/\/www.facebook.com\/sternberg.gasthaus.messnerei\"]}]}<\/script>\n<!-- \/ Yoast SEO plugin. -->","yoast_head_json":{"title":"Gasthaus Messnerei Sternberg &#8211; Stellenangebot: Servicemitarbeiter:in ganzj\u00e4hrig","description":"Wir suchen eine\/n leidenschaftliche\/n Gastgeber\/in: F\u00fcr dich steht der Kunde im Mittelpunkt? Du bist erst zufrieden, wenn der Gast gl\u00fccklich ist? Du liebst unseren Beruf? Du hast eine Leidenschaft f\u00fcr das Thema Wein? Du arbeitest gerne kundenorientiert, selbstst\u00e4ndig und behaltest in stressigen Situationen den \u00dcberblick? Bist du bereit in unser Erfolgskonzept einzusteigen?","robots":{"index":"index","follow":"follow","max-snippet":"max-snippet:-1","max-image-preview":"max-image-preview:large","max-video-preview":"max-video-preview:-1"},"canonical":"https:\/\/www.sternberg-messnerei.at\/gasthaus\/jobs\/service\/","og_locale":"de_DE","og_type":"article","og_title":"Gasthaus Messnerei Sternberg &#8211; Stellenangebot: Servicemitarbeiter:in ganzj\u00e4hrig","og_description":"Wir suchen eine\/n leidenschaftliche\/n Gastgeber\/in: F\u00fcr dich steht der Kunde im Mittelpunkt? Du bist erst zufrieden, wenn der Gast gl\u00fccklich ist? Du liebst unseren Beruf? Du hast eine Leidenschaft f\u00fcr das Thema Wein? Du arbeitest gerne kundenorientiert, selbstst\u00e4ndig und behaltest in stressigen Situationen den \u00dcberblick? Bist du bereit in unser Erfolgskonzept einzusteigen?","og_url":"https:\/\/www.sternberg-messnerei.at\/gasthaus\/jobs\/service\/","og_site_name":"Gasthaus Messnerei Sternberg","article_publisher":"https:\/\/www.facebook.com\/sternberg.gasthaus.messnerei","article_modified_time":"2025-01-24T13:24:31+00:00","twitter_card":"summary_large_image","schema":{"@context":"https:\/\/schema.org","@graph":[{"@type":"WebPage","@id":"https:\/\/www.sternberg-messnerei.at\/gasthaus\/jobs\/service\/","url":"https:\/\/www.sternberg-messnerei.at\/gasthaus\/jobs\/service\/","name":"Gasthaus Messnerei Sternberg &#8211; Stellenangebot: Servicemitarbeiter:in ganzj\u00e4hrig","isPartOf":{"@id":"https:\/\/www.sternberg-messnerei.at\/gasthaus\/#website"},"datePublished":"2023-02-07T09:15:04+00:00","dateModified":"2025-01-24T13:24:31+00:00","description":"Wir suchen eine\/n leidenschaftliche\/n Gastgeber\/in: F\u00fcr dich steht der Kunde im Mittelpunkt? Du bist erst zufrieden, wenn der Gast gl\u00fccklich ist? Du liebst unseren Beruf? Du hast eine Leidenschaft f\u00fcr das Thema Wein? Du arbeitest gerne kundenorientiert, selbstst\u00e4ndig und behaltest in stressigen Situationen den \u00dcberblick? Bist du bereit in unser Erfolgskonzept einzusteigen?","breadcrumb":{"@id":"https:\/\/www.sternberg-messnerei.at\/gasthaus\/jobs\/service\/#breadcrumb"},"inLanguage":"de","potentialAction":[{"@type":"ReadAction","target":["https:\/\/www.sternberg-messnerei.at\/gasthaus\/jobs\/service\/"]}]},{"@type":"BreadcrumbList","@id":"https:\/\/www.sternberg-messnerei.at\/gasthaus\/jobs\/service\/#breadcrumb","itemListElement":[{"@type":"ListItem","position":1,"name":"Startseite","item":"https:\/\/www.sternberg-messnerei.at\/gasthaus\/"},{"@type":"ListItem","position":2,"name":"Jobs","item":"https:\/\/www.sternberg-messnerei.at\/gasthaus\/jobs\/"},{"@type":"ListItem","position":3,"name":"Servicemitarbeiter:in ganzj\u00e4hrig"}]},{"@type":"WebSite","@id":"https:\/\/www.sternberg-messnerei.at\/gasthaus\/#website","url":"https:\/\/www.sternberg-messnerei.at\/gasthaus\/","name":"Gasthaus Messnerei Sternberg","description":"Kulinarisches Kleinod in K\u00e4rnten","publisher":{"@id":"https:\/\/www.sternberg-messnerei.at\/gasthaus\/#organization"},"potentialAction":[{"@type":"SearchAction","target":{"@type":"EntryPoint","urlTemplate":"https:\/\/www.sternberg-messnerei.at\/gasthaus\/?s={search_term_string}"},"query-input":{"@type":"PropertyValueSpecification","valueRequired":true,"valueName":"search_term_string"}}],"inLanguage":"de"},{"@type":"Organization","@id":"https:\/\/www.sternberg-messnerei.at\/gasthaus\/#organization","name":"Gasthaus Messnerei Sternberg","url":"https:\/\/www.sternberg-messnerei.at\/gasthaus\/","logo":{"@type":"ImageObject","inLanguage":"de","@id":"https:\/\/www.sternberg-messnerei.at\/gasthaus\/#\/schema\/logo\/image\/","url":"https:\/\/www.sternberg-messnerei.at\/gasthaus\/wp-content\/uploads\/2019\/07\/logo-sternberg-web_retina.png","contentUrl":"https:\/\/www.sternberg-messnerei.at\/gasthaus\/wp-content\/uploads\/2019\/07\/logo-sternberg-web_retina.png","width":220,"height":220,"caption":"Gasthaus Messnerei Sternberg"},"image":{"@id":"https:\/\/www.sternberg-messnerei.at\/gasthaus\/#\/schema\/logo\/image\/"},"sameAs":["https:\/\/www.facebook.com\/sternberg.gasthaus.messnerei"]}]}},"_links":{"self":[{"href":"https:\/\/www.sternberg-messnerei.at\/gasthaus\/wp-json\/wp\/v2\/pages\/2664","targetHints":{"allow":["GET"]}}],"collection":[{"href":"https:\/\/www.sternberg-messnerei.at\/gasthaus\/wp-json\/wp\/v2\/pages"}],"about":[{"href":"https:\/\/www.sternberg-messnerei.at\/gasthaus\/wp-json\/wp\/v2\/types\/page"}],"author":[{"embeddable":true,"href":"https:\/\/www.sternberg-messnerei.at\/gasthaus\/wp-json\/wp\/v2\/users\/1"}],"replies":[{"embeddable":true,"href":"https:\/\/www.sternberg-messnerei.at\/gasthaus\/wp-json\/wp\/v2\/comments?post=2664"}],"version-history":[{"count":38,"href":"https:\/\/www.sternberg-messnerei.at\/gasthaus\/wp-json\/wp\/v2\/pages\/2664\/revisions"}],"predecessor-version":[{"id":3682,"href":"https:\/\/www.sternberg-messnerei.at\/gasthaus\/wp-json\/wp\/v2\/pages\/2664\/revisions\/3682"}],"up":[{"embeddable":true,"href":"https:\/\/www.sternberg-messnerei.at\/gasthaus\/wp-json\/wp\/v2\/pages\/1100"}],"wp:attachment":[{"href":"https:\/\/www.sternberg-messnerei.at\/gasthaus\/wp-json\/wp\/v2\/media?parent=2664"}],"curies":[{"name":"wp","href":"https:\/\/api.w.org\/{rel}","templated":true}]}}