{"id":1239,"date":"2024-07-07T10:31:16","date_gmt":"2024-07-07T08:31:16","guid":{"rendered":"https:\/\/www.sternberg-messnerei.at\/gasthaus\/?page_id=1239"},"modified":"2024-08-01T17:02:49","modified_gmt":"2024-08-01T15:02:49","slug":"tischreservierung","status":"publish","type":"page","link":"https:\/\/www.sternberg-messnerei.at\/gasthaus\/tischreservierung\/","title":{"rendered":"Tischreservierung"},"content":{"rendered":"<p><div class=\"fusion-fullwidth fullwidth-box fusion-builder-row-1 has-pattern-background has-mask-background nonhundred-percent-fullwidth non-hundred-percent-height-scrolling fusion-no-small-visibility\" style=\"--awb-border-radius-top-left:0px;--awb-border-radius-top-right:0px;--awb-border-radius-bottom-right:0px;--awb-border-radius-bottom-left:0px;--awb-overflow:visible;--awb-margin-top:10px;--awb-margin-bottom:30px;--awb-background-color:rgba(255,255,255,0);--awb-flex-wrap:wrap;\" ><div class=\"fusion-builder-row fusion-row\"><div class=\"fusion-layout-column fusion_builder_column fusion-builder-column-0 fusion_builder_column_1_1 1_1 fusion-one-full fusion-column-first fusion-column-last fusion-column-no-min-height\" style=\"--awb-bg-size:cover;--awb-margin-bottom:0px;\"><div class=\"fusion-column-wrapper fusion-flex-column-wrapper-legacy\"><div class=\"fusion-sep-clear\"><\/div><div class=\"fusion-separator fusion-full-width-sep\" style=\"margin-left: auto;margin-right: auto;margin-top:10px;margin-bottom:10px;width:100%;\"><div class=\"fusion-separator-border sep-single sep-dotted\" style=\"--awb-height:20px;--awb-amount:20px;--awb-sep-color:#665544;border-color:#665544;border-top-width:1px;\"><\/div><\/div><div class=\"fusion-sep-clear\"><\/div><div class=\"fusion-text fusion-text-1\"><h1 style=\"text-align: center;\">Tisch-Reservierung<\/h1>\n<\/div><div class=\"fusion-sep-clear\"><\/div><div class=\"fusion-separator fusion-full-width-sep\" style=\"margin-left: auto;margin-right: auto;margin-bottom:40px;width:100%;\"><div class=\"fusion-separator-border sep-single sep-dotted\" style=\"--awb-height:20px;--awb-amount:20px;--awb-sep-color:#665544;border-color:#665544;border-top-width:1px;\"><\/div><\/div><div class=\"fusion-sep-clear\"><\/div><div class=\"fusion-clearfix\"><\/div><\/div><\/div><\/div><\/div><div class=\"fusion-fullwidth fullwidth-box fusion-builder-row-2 fusion-flex-container has-pattern-background has-mask-background nonhundred-percent-fullwidth non-hundred-percent-height-scrolling\" style=\"--awb-border-radius-top-left:0px;--awb-border-radius-top-right:0px;--awb-border-radius-bottom-right:0px;--awb-border-radius-bottom-left:0px;--awb-flex-wrap:wrap;\" ><div class=\"fusion-builder-row fusion-row fusion-flex-align-items-flex-start fusion-flex-content-wrap\" style=\"max-width:1064.96px;margin-left: calc(-4% \/ 2 );margin-right: calc(-4% \/ 2 );\"><div class=\"fusion-layout-column fusion_builder_column fusion-builder-column-1 fusion_builder_column_1_1 1_1 fusion-flex-column\" style=\"--awb-bg-size:cover;--awb-width-large:100%;--awb-margin-top-large:0px;--awb-spacing-right-large:1.92%;--awb-margin-bottom-large:20px;--awb-spacing-left-large:1.92%;--awb-width-medium:100%;--awb-order-medium:0;--awb-spacing-right-medium:1.92%;--awb-spacing-left-medium:1.92%;--awb-width-small:100%;--awb-order-small:0;--awb-spacing-right-small:1.92%;--awb-spacing-left-small:1.92%;\"><div class=\"fusion-column-wrapper fusion-column-has-shadow fusion-flex-justify-content-flex-start fusion-content-layout-column\"><div style=\"text-align:center;\"><a class=\"fusion-button button-flat button-xlarge button-default fusion-button-default button-1 fusion-button-span-yes fusion-button-default-type fusion-no-medium-visibility fusion-no-large-visibility\" target=\"_blank\" rel=\"noopener noreferrer\" href=\"https:\/\/secure.bonvito.net\/consumer\/reservation.php\/external\/reservation\/siteToken\/qucD51fYDw\"><i class=\"fa-utensils fas awb-button__icon awb-button__icon--default button-icon-left\" aria-hidden=\"true\"><\/i><span class=\"fusion-button-text awb-button__text awb-button__text--default\">jetzt online reservieren<\/span><\/a><\/div><div class=\"fusion-text fusion-text-2\" style=\"--awb-font-size:14px;\"><p style=\"text-align: center;\"><a href=\"https:\/\/secure.bonvito.net\/consumer\/reservation.php\/external\/reservation\/siteToken\/qucD51fYDw\" target=\"_blank\" rel=\"noopener\">Klicken Sie hier, um zum Online-Reservierungsformular zu gelangen.<\/a><\/p>\n<\/div><\/div><\/div><\/div><\/div><div id=\"online\" class=\"fusion-container-anchor\"><div class=\"fusion-fullwidth fullwidth-box fusion-builder-row-3 fusion-flex-container has-pattern-background has-mask-background nonhundred-percent-fullwidth non-hundred-percent-height-scrolling fusion-no-small-visibility\" style=\"--awb-border-radius-top-left:0px;--awb-border-radius-top-right:0px;--awb-border-radius-bottom-right:0px;--awb-border-radius-bottom-left:0px;--awb-overflow:visible;--awb-flex-wrap:wrap;\" ><div class=\"fusion-builder-row fusion-row fusion-flex-align-items-flex-start fusion-flex-justify-content-center fusion-flex-content-wrap\" style=\"max-width:1064.96px;margin-left: calc(-4% \/ 2 );margin-right: calc(-4% \/ 2 );\"><div class=\"fusion-layout-column fusion_builder_column fusion-builder-column-2 fusion_builder_column_1_1 1_1 fusion-flex-column\" style=\"--awb-bg-size:cover;--awb-width-large:100%;--awb-margin-top-large:0px;--awb-spacing-right-large:1.92%;--awb-margin-bottom-large:20px;--awb-spacing-left-large:1.92%;--awb-width-medium:100%;--awb-spacing-right-medium:1.92%;--awb-spacing-left-medium:1.92%;--awb-width-small:100%;--awb-spacing-right-small:1.92%;--awb-spacing-left-small:1.92%;\"><div class=\"fusion-column-wrapper fusion-column-has-shadow fusion-flex-justify-content-flex-start fusion-content-layout-column\"><div class=\"fusion-text fusion-text-3\"><div id=\"bonvito_reservation_form\" data-token=\"qucD51fYDw\"><\/div>\n<\/div><\/div><\/div><\/div><\/div><\/div><div class=\"fusion-fullwidth fullwidth-box fusion-builder-row-4 fusion-flex-container has-pattern-background has-mask-background hundred-percent-fullwidth non-hundred-percent-height-scrolling\" style=\"--awb-border-radius-top-left:0px;--awb-border-radius-top-right:0px;--awb-border-radius-bottom-right:0px;--awb-border-radius-bottom-left:0px;--awb-overflow:visible;--awb-padding-top:60px;--awb-padding-right:10%;--awb-padding-bottom:60px;--awb-padding-left:10%;--awb-margin-top:60px;--awb-margin-bottom:0px;--awb-background-color:var(--awb-color4);--awb-flex-wrap:wrap;\" ><div class=\"fusion-builder-row fusion-row fusion-flex-align-items-flex-start fusion-flex-justify-content-center fusion-flex-content-wrap\" style=\"width:104% !important;max-width:104% !important;margin-left: calc(-4% \/ 2 );margin-right: calc(-4% \/ 2 );\"><div class=\"fusion-layout-column fusion_builder_column fusion-builder-column-3 fusion_builder_column_1_3 1_3 fusion-flex-column\" style=\"--awb-bg-size:cover;--awb-width-large:33.333333333333%;--awb-margin-top-large:0px;--awb-spacing-right-large:5.76%;--awb-margin-bottom-large:20px;--awb-spacing-left-large:5.76%;--awb-width-medium:100%;--awb-order-medium:0;--awb-spacing-right-medium:1.92%;--awb-spacing-left-medium:1.92%;--awb-width-small:100%;--awb-order-small:0;--awb-spacing-right-small:1.92%;--awb-spacing-left-small:1.92%;\"><div class=\"fusion-column-wrapper fusion-column-has-shadow fusion-flex-justify-content-flex-start fusion-content-layout-column\"><div class=\"fusion-text fusion-text-4 fusion-animated\" data-animationType=\"shake\" data-animationDuration=\"0.3\" data-animationOffset=\"top-into-view\"><p><a href=\"https:\/\/www.sternberg-messnerei.at\/gasthaus\/tischreservierung\/#online\"><strong>Bitte benutzen Sie f\u00fcr Reservierungen bis zu 8 Personen unser Online-Reservierungstool!<\/strong><\/a> Telefonische Reservierungen k\u00f6nnen wir nur w\u00e4hrend unserer \u00d6ffnungszeiten entgegennehmen; idealerweise zwischen 10:00 Uhr und 12:00 Uhr oder zwischen 14:30 Uhr und 17:30 Uhr. Bitte nutzen Sie die M\u00f6glichkeit zur telefonischen Reservierung nur f\u00fcr kurzfristige Anfragen:<br \/>\nTelefon <a href=\"tel:+436644172490\">+43 664 4172490<\/a><\/p>\n<\/div><\/div><\/div><div class=\"fusion-layout-column fusion_builder_column fusion-builder-column-4 fusion_builder_column_1_3 1_3 fusion-flex-column\" style=\"--awb-bg-size:cover;--awb-width-large:33.333333333333%;--awb-margin-top-large:0px;--awb-spacing-right-large:5.76%;--awb-margin-bottom-large:20px;--awb-spacing-left-large:5.76%;--awb-width-medium:100%;--awb-order-medium:0;--awb-spacing-right-medium:1.92%;--awb-spacing-left-medium:1.92%;--awb-width-small:100%;--awb-order-small:0;--awb-spacing-right-small:1.92%;--awb-spacing-left-small:1.92%;\"><div class=\"fusion-column-wrapper fusion-column-has-shadow fusion-flex-justify-content-flex-start fusion-content-layout-column\"><div class=\"fusion-text fusion-text-5\"><p><small>Wir bitten Sie zu beachten, dass im Falle einer Reservierung samt Best\u00e4tigungs-E-Mail, Stornierungen bis zu 24 Stunden vor der reservierten Zeit kostenlos sind (ausgenommen Veranstaltungen und gr\u00f6\u00dfere Gruppen).<\/small><\/p>\n<p><small><strong>NO SHOW GEB\u00dcHR.<\/strong> Bei einer Stornierung zwischen 24 Stunden und 6 Stunden erlauben wir uns pro Person eine Geb\u00fchr von 10,00 \u20ac in Rechnung zu stellen. Ab der 6ten Stunde vor der reservierten Zeit erlauben wir uns eine No-Show-Geb\u00fchr in H\u00f6he von 30,00 \u20ac pro Person in Rechnung zu stellen. Die No-Show-Geb\u00fchr gilt ebenfalls f\u00fcr das unterschreiten von der reservierten Personenanzahl! Sollten Sie gar nicht erscheinen und nicht absagen, so erlauben wir uns eine Geb\u00fchr i.H.v. 60,00 \u20ac pro Person in Rechnung zu stellen. Mit einer Reservierung stimmen Sie diesen Stornovereinbarungen explit zu!<\/small><\/p>\n<p>F\u00fcr <strong>Gruppen ab 8 Personen<\/strong> servieren wir ausschlie\u00dflich Men\u00fcs, welche vorab mit uns zu vereinbaren sind! Bitte nehmen Sie mit uns zeitgerecht Kontakt auf, damit wir das mit Ihnen abstimmen k\u00f6nnen: <a href=\"mailto:anfrage@sternberg-messnerei.at\">anfrage@sternberg-messnerei.at<\/a><\/p>\n<\/div><\/div><\/div><\/div><\/div><\/p>\n","protected":false},"excerpt":{"rendered":"","protected":false},"author":1,"featured_media":0,"parent":0,"menu_order":0,"comment_status":"closed","ping_status":"closed","template":"100-width.php","meta":{"footnotes":""},"class_list":["post-1239","page","type-page","status-publish","hentry"],"yoast_head":"<!-- This site is optimized with the Yoast SEO plugin v27.0 - https:\/\/yoast.com\/product\/yoast-seo-wordpress\/ -->\n<title>Gasthaus Messnerei Sternberg &#8211; Tischreservierung<\/title>\n<meta name=\"description\" content=\"Bitte benutzen Sie f\u00fcr Reservierungen bis zu 8 Personen unser Online-Reservierungstool! Telefonische Reservierungen k\u00f6nnen wir nur w\u00e4hrend unserer \u00d6ffnungszeiten entgegennehmen! Bitte nutzen Sie die M\u00f6glichkeit zur telefonischen Reservierung nur f\u00fcr kurzfristige Anfragen!\" \/>\n<meta name=\"robots\" content=\"index, follow, max-snippet:-1, max-image-preview:large, max-video-preview:-1\" \/>\n<link rel=\"canonical\" href=\"https:\/\/www.sternberg-messnerei.at\/gasthaus\/tischreservierung\/\" \/>\n<meta property=\"og:locale\" content=\"de_DE\" \/>\n<meta property=\"og:type\" content=\"article\" \/>\n<meta property=\"og:title\" content=\"Gasthaus Messnerei Sternberg &#8211; Tischreservierung\" \/>\n<meta property=\"og:description\" content=\"Bitte benutzen Sie f\u00fcr Reservierungen bis zu 8 Personen unser Online-Reservierungstool! Telefonische Reservierungen k\u00f6nnen wir nur w\u00e4hrend unserer \u00d6ffnungszeiten entgegennehmen! Bitte nutzen Sie die M\u00f6glichkeit zur telefonischen Reservierung nur f\u00fcr kurzfristige Anfragen!\" \/>\n<meta property=\"og:url\" content=\"https:\/\/www.sternberg-messnerei.at\/gasthaus\/tischreservierung\/\" \/>\n<meta property=\"og:site_name\" content=\"Gasthaus Messnerei Sternberg\" \/>\n<meta property=\"article:publisher\" content=\"https:\/\/www.facebook.com\/sternberg.gasthaus.messnerei\" \/>\n<meta property=\"article:modified_time\" content=\"2024-08-01T15:02:49+00:00\" \/>\n<meta name=\"twitter:card\" content=\"summary_large_image\" \/>\n<script type=\"application\/ld+json\" class=\"yoast-schema-graph\">{\"@context\":\"https:\/\/schema.org\",\"@graph\":[{\"@type\":\"WebPage\",\"@id\":\"https:\/\/www.sternberg-messnerei.at\/gasthaus\/tischreservierung\/\",\"url\":\"https:\/\/www.sternberg-messnerei.at\/gasthaus\/tischreservierung\/\",\"name\":\"Gasthaus Messnerei Sternberg &#8211; Tischreservierung\",\"isPartOf\":{\"@id\":\"https:\/\/www.sternberg-messnerei.at\/gasthaus\/#website\"},\"datePublished\":\"2024-07-07T08:31:16+00:00\",\"dateModified\":\"2024-08-01T15:02:49+00:00\",\"description\":\"Bitte benutzen Sie f\u00fcr Reservierungen bis zu 8 Personen unser Online-Reservierungstool! Telefonische Reservierungen k\u00f6nnen wir nur w\u00e4hrend unserer \u00d6ffnungszeiten entgegennehmen! Bitte nutzen Sie die M\u00f6glichkeit zur telefonischen Reservierung nur f\u00fcr kurzfristige Anfragen!\",\"breadcrumb\":{\"@id\":\"https:\/\/www.sternberg-messnerei.at\/gasthaus\/tischreservierung\/#breadcrumb\"},\"inLanguage\":\"de\",\"potentialAction\":[{\"@type\":\"ReadAction\",\"target\":[\"https:\/\/www.sternberg-messnerei.at\/gasthaus\/tischreservierung\/\"]}]},{\"@type\":\"BreadcrumbList\",\"@id\":\"https:\/\/www.sternberg-messnerei.at\/gasthaus\/tischreservierung\/#breadcrumb\",\"itemListElement\":[{\"@type\":\"ListItem\",\"position\":1,\"name\":\"Startseite\",\"item\":\"https:\/\/www.sternberg-messnerei.at\/gasthaus\/\"},{\"@type\":\"ListItem\",\"position\":2,\"name\":\"Tischreservierung\"}]},{\"@type\":\"WebSite\",\"@id\":\"https:\/\/www.sternberg-messnerei.at\/gasthaus\/#website\",\"url\":\"https:\/\/www.sternberg-messnerei.at\/gasthaus\/\",\"name\":\"Gasthaus Messnerei Sternberg\",\"description\":\"Kulinarisches Kleinod in K\u00e4rnten\",\"publisher\":{\"@id\":\"https:\/\/www.sternberg-messnerei.at\/gasthaus\/#organization\"},\"potentialAction\":[{\"@type\":\"SearchAction\",\"target\":{\"@type\":\"EntryPoint\",\"urlTemplate\":\"https:\/\/www.sternberg-messnerei.at\/gasthaus\/?s={search_term_string}\"},\"query-input\":{\"@type\":\"PropertyValueSpecification\",\"valueRequired\":true,\"valueName\":\"search_term_string\"}}],\"inLanguage\":\"de\"},{\"@type\":\"Organization\",\"@id\":\"https:\/\/www.sternberg-messnerei.at\/gasthaus\/#organization\",\"name\":\"Gasthaus Messnerei Sternberg\",\"url\":\"https:\/\/www.sternberg-messnerei.at\/gasthaus\/\",\"logo\":{\"@type\":\"ImageObject\",\"inLanguage\":\"de\",\"@id\":\"https:\/\/www.sternberg-messnerei.at\/gasthaus\/#\/schema\/logo\/image\/\",\"url\":\"https:\/\/www.sternberg-messnerei.at\/gasthaus\/wp-content\/uploads\/2019\/07\/logo-sternberg-web_retina.png\",\"contentUrl\":\"https:\/\/www.sternberg-messnerei.at\/gasthaus\/wp-content\/uploads\/2019\/07\/logo-sternberg-web_retina.png\",\"width\":220,\"height\":220,\"caption\":\"Gasthaus Messnerei Sternberg\"},\"image\":{\"@id\":\"https:\/\/www.sternberg-messnerei.at\/gasthaus\/#\/schema\/logo\/image\/\"},\"sameAs\":[\"https:\/\/www.facebook.com\/sternberg.gasthaus.messnerei\"]}]}<\/script>\n<!-- \/ Yoast SEO plugin. -->","yoast_head_json":{"title":"Gasthaus Messnerei Sternberg &#8211; Tischreservierung","description":"Bitte benutzen Sie f\u00fcr Reservierungen bis zu 8 Personen unser Online-Reservierungstool! Telefonische Reservierungen k\u00f6nnen wir nur w\u00e4hrend unserer \u00d6ffnungszeiten entgegennehmen! Bitte nutzen Sie die M\u00f6glichkeit zur telefonischen Reservierung nur f\u00fcr kurzfristige Anfragen!","robots":{"index":"index","follow":"follow","max-snippet":"max-snippet:-1","max-image-preview":"max-image-preview:large","max-video-preview":"max-video-preview:-1"},"canonical":"https:\/\/www.sternberg-messnerei.at\/gasthaus\/tischreservierung\/","og_locale":"de_DE","og_type":"article","og_title":"Gasthaus Messnerei Sternberg &#8211; Tischreservierung","og_description":"Bitte benutzen Sie f\u00fcr Reservierungen bis zu 8 Personen unser Online-Reservierungstool! Telefonische Reservierungen k\u00f6nnen wir nur w\u00e4hrend unserer \u00d6ffnungszeiten entgegennehmen! Bitte nutzen Sie die M\u00f6glichkeit zur telefonischen Reservierung nur f\u00fcr kurzfristige Anfragen!","og_url":"https:\/\/www.sternberg-messnerei.at\/gasthaus\/tischreservierung\/","og_site_name":"Gasthaus Messnerei Sternberg","article_publisher":"https:\/\/www.facebook.com\/sternberg.gasthaus.messnerei","article_modified_time":"2024-08-01T15:02:49+00:00","twitter_card":"summary_large_image","schema":{"@context":"https:\/\/schema.org","@graph":[{"@type":"WebPage","@id":"https:\/\/www.sternberg-messnerei.at\/gasthaus\/tischreservierung\/","url":"https:\/\/www.sternberg-messnerei.at\/gasthaus\/tischreservierung\/","name":"Gasthaus Messnerei Sternberg &#8211; Tischreservierung","isPartOf":{"@id":"https:\/\/www.sternberg-messnerei.at\/gasthaus\/#website"},"datePublished":"2024-07-07T08:31:16+00:00","dateModified":"2024-08-01T15:02:49+00:00","description":"Bitte benutzen Sie f\u00fcr Reservierungen bis zu 8 Personen unser Online-Reservierungstool! Telefonische Reservierungen k\u00f6nnen wir nur w\u00e4hrend unserer \u00d6ffnungszeiten entgegennehmen! Bitte nutzen Sie die M\u00f6glichkeit zur telefonischen Reservierung nur f\u00fcr kurzfristige Anfragen!","breadcrumb":{"@id":"https:\/\/www.sternberg-messnerei.at\/gasthaus\/tischreservierung\/#breadcrumb"},"inLanguage":"de","potentialAction":[{"@type":"ReadAction","target":["https:\/\/www.sternberg-messnerei.at\/gasthaus\/tischreservierung\/"]}]},{"@type":"BreadcrumbList","@id":"https:\/\/www.sternberg-messnerei.at\/gasthaus\/tischreservierung\/#breadcrumb","itemListElement":[{"@type":"ListItem","position":1,"name":"Startseite","item":"https:\/\/www.sternberg-messnerei.at\/gasthaus\/"},{"@type":"ListItem","position":2,"name":"Tischreservierung"}]},{"@type":"WebSite","@id":"https:\/\/www.sternberg-messnerei.at\/gasthaus\/#website","url":"https:\/\/www.sternberg-messnerei.at\/gasthaus\/","name":"Gasthaus Messnerei Sternberg","description":"Kulinarisches Kleinod in K\u00e4rnten","publisher":{"@id":"https:\/\/www.sternberg-messnerei.at\/gasthaus\/#organization"},"potentialAction":[{"@type":"SearchAction","target":{"@type":"EntryPoint","urlTemplate":"https:\/\/www.sternberg-messnerei.at\/gasthaus\/?s={search_term_string}"},"query-input":{"@type":"PropertyValueSpecification","valueRequired":true,"valueName":"search_term_string"}}],"inLanguage":"de"},{"@type":"Organization","@id":"https:\/\/www.sternberg-messnerei.at\/gasthaus\/#organization","name":"Gasthaus Messnerei Sternberg","url":"https:\/\/www.sternberg-messnerei.at\/gasthaus\/","logo":{"@type":"ImageObject","inLanguage":"de","@id":"https:\/\/www.sternberg-messnerei.at\/gasthaus\/#\/schema\/logo\/image\/","url":"https:\/\/www.sternberg-messnerei.at\/gasthaus\/wp-content\/uploads\/2019\/07\/logo-sternberg-web_retina.png","contentUrl":"https:\/\/www.sternberg-messnerei.at\/gasthaus\/wp-content\/uploads\/2019\/07\/logo-sternberg-web_retina.png","width":220,"height":220,"caption":"Gasthaus Messnerei Sternberg"},"image":{"@id":"https:\/\/www.sternberg-messnerei.at\/gasthaus\/#\/schema\/logo\/image\/"},"sameAs":["https:\/\/www.facebook.com\/sternberg.gasthaus.messnerei"]}]}},"_links":{"self":[{"href":"https:\/\/www.sternberg-messnerei.at\/gasthaus\/wp-json\/wp\/v2\/pages\/1239","targetHints":{"allow":["GET"]}}],"collection":[{"href":"https:\/\/www.sternberg-messnerei.at\/gasthaus\/wp-json\/wp\/v2\/pages"}],"about":[{"href":"https:\/\/www.sternberg-messnerei.at\/gasthaus\/wp-json\/wp\/v2\/types\/page"}],"author":[{"embeddable":true,"href":"https:\/\/www.sternberg-messnerei.at\/gasthaus\/wp-json\/wp\/v2\/users\/1"}],"replies":[{"embeddable":true,"href":"https:\/\/www.sternberg-messnerei.at\/gasthaus\/wp-json\/wp\/v2\/comments?post=1239"}],"version-history":[{"count":44,"href":"https:\/\/www.sternberg-messnerei.at\/gasthaus\/wp-json\/wp\/v2\/pages\/1239\/revisions"}],"predecessor-version":[{"id":3602,"href":"https:\/\/www.sternberg-messnerei.at\/gasthaus\/wp-json\/wp\/v2\/pages\/1239\/revisions\/3602"}],"wp:attachment":[{"href":"https:\/\/www.sternberg-messnerei.at\/gasthaus\/wp-json\/wp\/v2\/media?parent=1239"}],"curies":[{"name":"wp","href":"https:\/\/api.w.org\/{rel}","templated":true}]}}